{"id":244,"date":"2021-03-03T14:42:07","date_gmt":"2021-03-03T14:42:07","guid":{"rendered":"https:\/\/ksloy.fi\/?page_id=244"},"modified":"2026-04-20T00:23:00","modified_gmt":"2026-04-19T21:23:00","slug":"lauttaliikenne","status":"publish","type":"page","link":"https:\/\/ksloy.fi\/en\/lauttaliikenne","title":{"rendered":"Ferry traffic"},"content":{"rendered":"\n<div class=\"wp-block-columns is-layout-flex wp-container-core-columns-is-layout-9d6595d7 wp-block-columns-is-layout-flex\">\n<div class=\"wp-block-column is-layout-flow wp-block-column-is-layout-flow\" style=\"flex-basis:100%\">\n<div class=\"wp-block-columns is-layout-flex wp-container-core-columns-is-layout-9d6595d7 wp-block-columns-is-layout-flex\">\n<div class=\"wp-block-column is-layout-flow wp-block-column-is-layout-flow\" style=\"flex-basis:66.66%\">\n<p>The sister ships <strong>Vikare<\/strong> and <strong>Nestori<\/strong> are the largest ferries in Finland and owned by the Finnish Transport Agency. They have carrying capacity of 150 tons, a length of 50 meters and a width of 15 meters.<\/p>\n<\/div>\n\n\n\n<div class=\"wp-block-column is-layout-flow wp-block-column-is-layout-flow\" style=\"flex-basis:33.33%\"><\/div>\n<\/div>\n\n\n\n<div class=\"wp-block-columns is-layout-flex wp-container-core-columns-is-layout-9d6595d7 wp-block-columns-is-layout-flex\">\n<div class=\"wp-block-column is-layout-flow wp-block-column-is-layout-flow\"><div class=\"wp-block-image\">\n<figure class=\"aligncenter\"><img loading=\"lazy\" decoding=\"async\" width=\"1000\" height=\"592\" src=\"https:\/\/ksloy.fi\/wp-content\/uploads\/2021\/03\/lautta1-1.jpg\" alt=\"\" class=\"wp-image-344\" srcset=\"https:\/\/ksloy.fi\/wp-content\/uploads\/2021\/03\/lautta1-1.jpg 1000w, https:\/\/ksloy.fi\/wp-content\/uploads\/2021\/03\/lautta1-1-300x178.jpg 300w, https:\/\/ksloy.fi\/wp-content\/uploads\/2021\/03\/lautta1-1-768x455.jpg 768w\" sizes=\"auto, (max-width: 1000px) 100vw, 1000px\" \/><\/figure>\n<\/div>\n\n\n<p><\/p>\n\n\n\n<h2 class=\"wp-block-heading\">NESTORI<\/h2>\n\n\n\n<div class=\"wp-block-columns is-layout-flex wp-container-core-columns-is-layout-9d6595d7 wp-block-columns-is-layout-flex\">\n<div class=\"wp-block-column is-layout-flow wp-block-column-is-layout-flow\">\n<h3 class=\"wp-block-heading\"><strong>Arvinsalmi<\/strong><\/h3>\n\n\n\n<p>Distance 430 m.<\/p>\n\n\n\n<p>Oravisalontie 1610<br>82310 Oravisalo<br>R\u00e4\u00e4kkyl\u00e4<\/p>\n\n\n\n<p>+358 50 343 7073<br>nestori.ksloy@outlook.com<\/p>\n<\/div>\n\n\n\n<div class=\"wp-block-column is-layout-flow wp-block-column-is-layout-flow\">\n<iframe loading=\"lazy\" src=\"https:\/\/www.google.com\/maps\/embed?pb=!1m10!1m8!1m3!1d2963.421418678393!2d29.566547381621234!3d62.39213012748161!3m2!1i1024!2i768!4f13.1!5e0!3m2!1sfi!2sfi!4v1602053736767!5m2!1sfi!2sfi\" width=\"250\" height=\"250\" frameborder=\"0\" style=\"border:0;\" allowfullscreen=\"\" aria-hidden=\"false\" tabindex=\"0\"><\/iframe>\n<\/div>\n<\/div>\n\n\n\n<p class=\"has-text-align-center\"><h2 class=\"wp-svg-clock clock\"><\/h2> <strong>TIMETABLE. Arvisalmi IN Liperiss\u00e4<\/strong><\/p>\n\n\n\n<p>We wait together for the school bus to the ferry at about 7:15 in R\u00e4\u00e4kkyl\u00e4 and 15:20 in Liperi.<br><br>The ferry operates around the clock if needed.\u00a0<\/p>\n\n\n\n<p><strong>Ferry\u2019s breaks<\/strong><br>09:00 &#8211; 09:20<br>12:00 &#8211; 12:20<br>15:00 &#8211; 15:20<br>20:00 &#8211; 20:20<\/p>\n<\/div>\n\n\n\n<div class=\"wp-block-column is-layout-flow wp-block-column-is-layout-flow\"><div class=\"wp-block-image\">\n<figure class=\"aligncenter size-large\"><img loading=\"lazy\" decoding=\"async\" width=\"1000\" height=\"592\" src=\"https:\/\/ksloy.fi\/wp-content\/uploads\/2021\/03\/lautta3-1.jpg\" alt=\"\" class=\"wp-image-346\" srcset=\"https:\/\/ksloy.fi\/wp-content\/uploads\/2021\/03\/lautta3-1.jpg 1000w, https:\/\/ksloy.fi\/wp-content\/uploads\/2021\/03\/lautta3-1-300x178.jpg 300w, https:\/\/ksloy.fi\/wp-content\/uploads\/2021\/03\/lautta3-1-768x455.jpg 768w\" sizes=\"auto, (max-width: 1000px) 100vw, 1000px\" \/><\/figure>\n<\/div>\n\n\n<p><\/p>\n\n\n\n<h2 class=\"wp-block-heading\">VIKARE<\/h2>\n\n\n\n<div class=\"wp-block-columns is-layout-flex wp-container-core-columns-is-layout-9d6595d7 wp-block-columns-is-layout-flex\">\n<div class=\"wp-block-column is-layout-flow wp-block-column-is-layout-flow\">\n<h3 class=\"wp-block-heading\"><strong>Berg\u00f6<\/strong><\/h3>\n\n\n\n<p>Distance 1160 m.<\/p>\n\n\n\n<p>Berg\u00f6ntie 3, Malax<\/p>\n\n\n\n<p>+358 50 379 1448<br>vikare.ksloy@outlook.com<\/p>\n<\/div>\n\n\n\n<div class=\"wp-block-column is-layout-flow wp-block-column-is-layout-flow\">\n<iframe src=\"https:\/\/www.google.com\/maps\/embed?pb=!1m14!1m8!1m3!1d58073.771717663214!2d21.17658!3d62.944128000000006!3m2!1i1024!2i768!4f13.1!3m3!1m2!1s0x467d5b4587d7bbaf%3A0x5456736aaba83fc2!2sBerg%C3%B6n%20lautta!5e0!3m2!1sfi!2sfi!4v1684218553990!5m2!1sfi!2sfi\" width=\"250\" height=\"250\" style=\"border:0;\" allowfullscreen=\"\" loading=\"lazy\" referrerpolicy=\"no-referrer-when-downgrade\"><\/iframe>\n<\/div>\n<\/div>\n\n\n\n<p><h2 class=\"wp-svg-clock clock\"><\/h2> <strong>TIMETABLE. Berg\u00f6-Bredsk\u00e4r<\/strong><\/p>\n\n\n\n<div class=\"wp-block-columns is-layout-flex wp-container-core-columns-is-layout-9d6595d7 wp-block-columns-is-layout-flex\">\n<div class=\"wp-block-column is-layout-flow wp-block-column-is-layout-flow\">\n<h3 class=\"wp-block-heading\"><strong>TIMETABLE<\/strong><\/h3>\n<\/div>\n<\/div>\n\n\n\n<figure class=\"wp-block-image size-large\"><img loading=\"lazy\" decoding=\"async\" width=\"1024\" height=\"767\" src=\"https:\/\/ksloy.fi\/wp-content\/uploads\/2023\/06\/image-1024x767.png\" alt=\"\" class=\"wp-image-1141\" srcset=\"https:\/\/ksloy.fi\/wp-content\/uploads\/2023\/06\/image-1024x767.png 1024w, https:\/\/ksloy.fi\/wp-content\/uploads\/2023\/06\/image-300x225.png 300w, https:\/\/ksloy.fi\/wp-content\/uploads\/2023\/06\/image-768x575.png 768w, https:\/\/ksloy.fi\/wp-content\/uploads\/2023\/06\/image.png 1260w\" sizes=\"auto, (max-width: 1024px) 100vw, 1024px\" \/><\/figure>\n\n\n\n<p><strong>Ferry\u2019s breaks<\/strong><br>01:00-01:20<br>03:00-03:20<br>05:00-05:20<br>07:50-08:10<br>10:15-10:35<br>12:40-13:00<br>15:05-15:25<br>17:30-17:50<br>19:55-20:15<\/p>\n\n\n\n<p>Ferry traffic jam is avoided by continuous driving except during the breaks mentioned in the schedule. In the event of bad weather or a technical fault, the schedule can be deviated or boat traffic can be stopped completely.<\/p>\n\n\n\n<p>Charter traffic from 00:00 AM to 05:30 AM, emergency duty on the ferry.<\/p>\n<\/div>\n<\/div>\n<\/div>\n<\/div>\n\n\n\n<p><\/p>\n","protected":false},"excerpt":{"rendered":"<p>The sister ships Vikare and Nestori are the largest ferries in Finland and owned by the Finnish Transport Agency. They have carrying capacity of 150 tons, a length of 50 meters and a width of 15 meters. NESTORI Arvinsalmi Distance 430 m. Oravisalontie 161082310 OravisaloR\u00e4\u00e4kkyl\u00e4 +358 50 343 7073nestori.ksloy@outlook.com TIMETABLE. Arvisalmi IN Liperiss\u00e4 We wait&hellip;&nbsp;<a href=\"https:\/\/ksloy.fi\/en\/lauttaliikenne\" class=\"\" rel=\"bookmark\">Read More &raquo;<span class=\"screen-reader-text\">Ferry traffic<\/span><\/a><\/p>\n","protected":false},"author":1,"featured_media":0,"parent":0,"menu_order":0,"comment_status":"closed","ping_status":"closed","template":"","meta":{"neve_meta_sidebar":"full-width","neve_meta_container":"","neve_meta_enable_content_width":"on","neve_meta_content_width":100,"neve_meta_title_alignment":"","neve_meta_author_avatar":"","neve_post_elements_order":"","neve_meta_disable_header":"","neve_meta_disable_footer":"","neve_meta_disable_title":"","footnotes":""},"class_list":["post-244","page","type-page","status-publish","hentry"],"translation":{"provider":"WPGlobus","version":"3.0.0","language":"en","enabled_languages":["fi","sv","en"],"languages":{"fi":{"title":true,"content":true,"excerpt":false},"sv":{"title":true,"content":true,"excerpt":false},"en":{"title":true,"content":true,"excerpt":false}}},"_links":{"self":[{"href":"https:\/\/ksloy.fi\/en\/wp-json\/wp\/v2\/pages\/244","targetHints":{"allow":["GET"]}}],"collection":[{"href":"https:\/\/ksloy.fi\/en\/wp-json\/wp\/v2\/pages"}],"about":[{"href":"https:\/\/ksloy.fi\/en\/wp-json\/wp\/v2\/types\/page"}],"author":[{"embeddable":true,"href":"https:\/\/ksloy.fi\/en\/wp-json\/wp\/v2\/users\/1"}],"replies":[{"embeddable":true,"href":"https:\/\/ksloy.fi\/en\/wp-json\/wp\/v2\/comments?post=244"}],"version-history":[{"count":179,"href":"https:\/\/ksloy.fi\/en\/wp-json\/wp\/v2\/pages\/244\/revisions"}],"predecessor-version":[{"id":1638,"href":"https:\/\/ksloy.fi\/en\/wp-json\/wp\/v2\/pages\/244\/revisions\/1638"}],"wp:attachment":[{"href":"https:\/\/ksloy.fi\/en\/wp-json\/wp\/v2\/media?parent=244"}],"curies":[{"name":"wp","href":"https:\/\/api.w.org\/{rel}","templated":true}]}}