{"id":6,"date":"2021-03-03T12:52:47","date_gmt":"2021-03-03T12:52:47","guid":{"rendered":"https:\/\/ksloy.fi\/?page_id=6"},"modified":"2026-02-26T20:54:36","modified_gmt":"2026-02-26T18:54:36","slug":"etusivu","status":"publish","type":"page","link":"https:\/\/ksloy.fi\/en\/","title":{"rendered":"FRONT PAGE"},"content":{"rendered":"<\/p>\n\n\n<div class=\"wp-block-columns levea is-layout-flex wp-container-core-columns-is-layout-9d6595d7 wp-block-columns-is-layout-flex\">\n<div class=\"wp-block-column is-vertically-aligned-top is-layout-flow wp-block-column-is-layout-flow\" style=\"flex-basis:50%\">\n<div class=\"wp-block-cover is-light\"><span aria-hidden=\"true\" class=\"wp-block-cover__background has-background-dim-0 has-background-dim\"><\/span><img loading=\"lazy\" decoding=\"async\" width=\"1024\" height=\"632\" class=\"wp-block-cover__image-background wp-image-258\" alt=\"\" src=\"https:\/\/ksloy.fi\/wp-content\/uploads\/2021\/03\/tekla1-1024x632-1.jpg\" data-object-fit=\"cover\" srcset=\"https:\/\/ksloy.fi\/wp-content\/uploads\/2021\/03\/tekla1-1024x632-1.jpg 1024w, https:\/\/ksloy.fi\/wp-content\/uploads\/2021\/03\/tekla1-1024x632-1-300x185.jpg 300w, https:\/\/ksloy.fi\/wp-content\/uploads\/2021\/03\/tekla1-1024x632-1-768x474.jpg 768w\" sizes=\"auto, (max-width: 1024px) 100vw, 1024px\" \/><div class=\"wp-block-cover__inner-container is-layout-flow wp-block-cover-is-layout-flow\">\n<div class=\"wp-block-buttons is-horizontal is-content-justification-center is-layout-flex wp-container-core-buttons-is-layout-499968f5 wp-block-buttons-is-layout-flex\">\n<div class=\"wp-block-button is-style-primary\"><a class=\"wp-block-button__link wp-element-button\" href=\"https:\/\/ksloy.fi\/en\/saaristoliikenne\">Archipelago traffic<\/a><\/div>\n<\/div>\n<\/div><\/div>\n\n\n\n<div style=\"height:15px\" aria-hidden=\"true\" class=\"wp-block-spacer\"><\/div>\n\n\n\n<div class=\"wp-block-columns is-layout-flex wp-container-core-columns-is-layout-9d6595d7 wp-block-columns-is-layout-flex\">\n<div class=\"wp-block-column is-layout-flow wp-block-column-is-layout-flow\">\n<p class=\"front_page_text has-neve-link-color-color has-text-color\"><strong>In addition to Kotka-Pyht\u00e4\u00e4<\/strong><\/p>\n\n\n\n<p class=\"has-text-align-left has-neve-link-hover-color-color has-text-color\"><p class=\"front_page_text has-neve-link-color-color has-text-color\"><i class=\"wp-svg-clock clock\"><\/i> <a href=\"https:\/\/ksloy.fi\/en\/saaristoliikenne\" data-type=\"URL\" data-id=\"\" target=\"_blank\" rel=\"noreferrer noopener\">Archipelago traffic\u2019s timetables<\/a><br><a rel=\"noreferrer noopener\" href=\"https:\/\/ksloy.fi\/en\/saaristoliikenne\" target=\"_blank\">Kotka-Pyht\u00e4\u00e4<\/a><\/p><\/p>\n\n\n\n<p class=\"front_page_text has-neve-link-color-color has-text-color\"><strong>Tekla I<\/strong>: +358 400 947 703 <br>veli.kokkonen@ksloy.fi<\/p>\n<\/div>\n\n\n\n<div class=\"wp-block-column is-layout-flow wp-block-column-is-layout-flow\">\n<p class=\"has-neve-link-color-color has-text-color has-link-color wp-elements-816c5eff0de72ed187a5a0779b12fb78\"><strong>Porvoo route area<\/strong><br><br><i class=\"wp-svg-clock clock\"><\/i> <a href=\"https:\/\/ksloy.fi\/en\/saaristoliikenne\" data-type=\"page\" data-id=\"242\">Archipelago traffic\u2019s timetables<\/a><br><a href=\"https:\/\/ksloy.fi\/en\/saaristoliikenne\">Pirttisaari, Bod\u00f6, Kalv\u00f6 <\/a><\/p>\n\n\n\n<p><a href=\"https:\/\/ksloy.fi\/en\/saaristoliikenne\">Kalv\u00f6\u2013Spjutsund<\/a><\/p>\n\n\n\n<p class=\"has-neve-link-color-color has-text-color has-link-color wp-elements-7af1c55a4b3989daf0ffa8c0e1c821e7\"><strong>Tekla II <\/strong>: +358 44 973 8369<br>veli.kokkonen@ksloy.fi<\/p>\n\n\n\n<p class=\"has-neve-link-color-color has-text-color has-link-color wp-elements-4f95ba6e4aacaf760a28cab9c5391234\"><br><\/p>\n<\/div>\n<\/div>\n\n\n\n<div class=\"wp-block-columns is-layout-flex wp-container-core-columns-is-layout-9d6595d7 wp-block-columns-is-layout-flex\">\n<div class=\"wp-block-column is-layout-flow wp-block-column-is-layout-flow\"><\/div>\n\n\n\n<div class=\"wp-block-column is-layout-flow wp-block-column-is-layout-flow\"><\/div>\n<\/div>\n<\/div>\n\n\n\n<div class=\"wp-block-column is-vertically-aligned-top is-layout-flow wp-block-column-is-layout-flow\" style=\"flex-basis:50%\">\n<div class=\"wp-block-cover\"><span aria-hidden=\"true\" class=\"wp-block-cover__background has-background-dim-0 has-background-dim\"><\/span><img loading=\"lazy\" decoding=\"async\" width=\"1024\" height=\"632\" class=\"wp-block-cover__image-background wp-image-255\" alt=\"\" src=\"https:\/\/ksloy.fi\/wp-content\/uploads\/2021\/03\/lauttaliikenne-1024x632-1.jpg\" data-object-fit=\"cover\" srcset=\"https:\/\/ksloy.fi\/wp-content\/uploads\/2021\/03\/lauttaliikenne-1024x632-1.jpg 1024w, https:\/\/ksloy.fi\/wp-content\/uploads\/2021\/03\/lauttaliikenne-1024x632-1-300x185.jpg 300w, https:\/\/ksloy.fi\/wp-content\/uploads\/2021\/03\/lauttaliikenne-1024x632-1-768x474.jpg 768w\" sizes=\"auto, (max-width: 1024px) 100vw, 1024px\" \/><div class=\"wp-block-cover__inner-container is-layout-flow wp-block-cover-is-layout-flow\">\n<div class=\"wp-block-buttons is-horizontal is-content-justification-center is-layout-flex wp-container-core-buttons-is-layout-499968f5 wp-block-buttons-is-layout-flex\">\n<div class=\"wp-block-button is-style-primary\"><a class=\"wp-block-button__link wp-element-button\" href=\"https:\/\/ksloy.fi\/en\/lauttaliikenne\">Ferry traffic<\/a><\/div>\n<\/div>\n<\/div><\/div>\n\n\n\n<div style=\"height:15px\" aria-hidden=\"true\" class=\"wp-block-spacer\"><\/div>\n\n\n\n<p class=\"front_page_text has-neve-link-color-color has-text-color\"><br>Modern ferries\u00a0<strong>Nestori<\/strong>\u00a0in Liperi and\u00a0<strong>Vikare<\/strong>\u00a0in Berg\u00f6 are an important part of safe watercraft.<\/p>\n\n\n\n<div class=\"wp-block-columns is-layout-flex wp-container-core-columns-is-layout-9d6595d7 wp-block-columns-is-layout-flex\">\n<div class=\"wp-block-column is-layout-flow wp-block-column-is-layout-flow\">\n<p class=\"front_page_text has-neve-link-color-color has-text-color\">Nestori: +358 50 343 7073<br>Vikare:&nbsp;+358 50 379 1448<\/p>\n<\/div>\n<\/div>\n\n\n\n<p><\/p>\n<\/div>\n<\/div>\n\n\n\n<div class=\"wp-block-cover alignfull\"><span aria-hidden=\"true\" class=\"wp-block-cover__background has-nv-site-bg-background-color has-background-dim-100 has-background-dim\"><\/span><div class=\"wp-block-cover__inner-container is-layout-flow wp-block-cover-is-layout-flow\">\n<p class=\"has-text-align-center has-large-font-size\"><\/p>\n<\/div><\/div>\n\n\n<p>","protected":false},"excerpt":{"rendered":"<p>In addition to Kotka-Pyht\u00e4\u00e4 Archipelago traffic\u2019s timetablesKotka-Pyht\u00e4\u00e4 Tekla I: +358 400 947 703 veli.kokkonen@ksloy.fi Porvoo route area Archipelago traffic\u2019s timetablesPirttisaari, Bod\u00f6, Kalv\u00f6 Kalv\u00f6\u2013Spjutsund Tekla II : +358 44 973 8369veli.kokkonen@ksloy.fi Modern ferries\u00a0Nestori\u00a0in Liperi and\u00a0Vikare\u00a0in Berg\u00f6 are an important part of safe watercraft. Nestori: +358 50 343 7073Vikare:&nbsp;+358 50 379 1448<\/p>\n","protected":false},"author":1,"featured_media":0,"parent":0,"menu_order":0,"comment_status":"closed","ping_status":"closed","template":"page-templates\/template-pagebuilder-full-width.php","meta":{"neve_meta_sidebar":"full-width","neve_meta_container":"default","neve_meta_enable_content_width":"off","neve_meta_content_width":100,"neve_meta_title_alignment":"","neve_meta_author_avatar":"","neve_post_elements_order":"","neve_meta_disable_header":"","neve_meta_disable_footer":"","neve_meta_disable_title":"on","footnotes":""},"class_list":["post-6","page","type-page","status-publish","hentry"],"translation":{"provider":"WPGlobus","version":"3.0.0","language":"en","enabled_languages":["fi","sv","en"],"languages":{"fi":{"title":true,"content":true,"excerpt":false},"sv":{"title":true,"content":true,"excerpt":false},"en":{"title":true,"content":true,"excerpt":false}}},"_links":{"self":[{"href":"https:\/\/ksloy.fi\/en\/wp-json\/wp\/v2\/pages\/6","targetHints":{"allow":["GET"]}}],"collection":[{"href":"https:\/\/ksloy.fi\/en\/wp-json\/wp\/v2\/pages"}],"about":[{"href":"https:\/\/ksloy.fi\/en\/wp-json\/wp\/v2\/types\/page"}],"author":[{"embeddable":true,"href":"https:\/\/ksloy.fi\/en\/wp-json\/wp\/v2\/users\/1"}],"replies":[{"embeddable":true,"href":"https:\/\/ksloy.fi\/en\/wp-json\/wp\/v2\/comments?post=6"}],"version-history":[{"count":190,"href":"https:\/\/ksloy.fi\/en\/wp-json\/wp\/v2\/pages\/6\/revisions"}],"predecessor-version":[{"id":1608,"href":"https:\/\/ksloy.fi\/en\/wp-json\/wp\/v2\/pages\/6\/revisions\/1608"}],"wp:attachment":[{"href":"https:\/\/ksloy.fi\/en\/wp-json\/wp\/v2\/media?parent=6"}],"curies":[{"name":"wp","href":"https:\/\/api.w.org\/{rel}","templated":true}]}}