{"id":244,"date":"2021-03-03T14:42:07","date_gmt":"2021-03-03T14:42:07","guid":{"rendered":"https:\/\/ksloy.fi\/?page_id=244"},"modified":"2025-10-23T13:09:51","modified_gmt":"2025-10-23T10:09:51","slug":"lauttaliikenne","status":"publish","type":"page","link":"https:\/\/ksloy.fi\/sv\/lauttaliikenne","title":{"rendered":"F\u00e4rjtrafik"},"content":{"rendered":"\n<div class=\"wp-block-columns is-layout-flex wp-container-core-columns-is-layout-9d6595d7 wp-block-columns-is-layout-flex\">\n<div class=\"wp-block-column is-layout-flow wp-block-column-is-layout-flow\" style=\"flex-basis:100%\">\n<div class=\"wp-block-columns is-layout-flex wp-container-core-columns-is-layout-9d6595d7 wp-block-columns-is-layout-flex\">\n<div class=\"wp-block-column is-layout-flow wp-block-column-is-layout-flow\" style=\"flex-basis:66.66%\">\n<p>Systerfartygen <strong>Vikare <\/strong>och <strong>Nestori<\/strong> \u00e4r de st\u00f6rsta f\u00e4rjorna i Finland och \u00e4gs av Transportstyrelsen. De har en lastkapacitet p\u00e5 150 ton, en l\u00e4ngd p\u00e5 50 meter och en bredd p\u00e5 15 meter.<\/p>\n<\/div>\n\n\n\n<div class=\"wp-block-column is-layout-flow wp-block-column-is-layout-flow\" style=\"flex-basis:33.33%\"><\/div>\n<\/div>\n\n\n\n<div class=\"wp-block-columns is-layout-flex wp-container-core-columns-is-layout-9d6595d7 wp-block-columns-is-layout-flex\">\n<div class=\"wp-block-column is-layout-flow wp-block-column-is-layout-flow\"><div class=\"wp-block-image\">\n<figure class=\"aligncenter\"><img loading=\"lazy\" decoding=\"async\" width=\"1000\" height=\"592\" src=\"https:\/\/ksloy.fi\/wp-content\/uploads\/2021\/03\/lautta1-1.jpg\" alt=\"\" class=\"wp-image-344\" srcset=\"https:\/\/ksloy.fi\/wp-content\/uploads\/2021\/03\/lautta1-1.jpg 1000w, https:\/\/ksloy.fi\/wp-content\/uploads\/2021\/03\/lautta1-1-300x178.jpg 300w, https:\/\/ksloy.fi\/wp-content\/uploads\/2021\/03\/lautta1-1-768x455.jpg 768w\" sizes=\"auto, (max-width: 1000px) 100vw, 1000px\" \/><\/figure>\n<\/div>\n\n\n<p><\/p>\n\n\n\n<h2 class=\"wp-block-heading\">NESTORI<\/h2>\n\n\n\n<p><\/p>\n\n\n\n<div class=\"wp-block-columns is-layout-flex wp-container-core-columns-is-layout-9d6595d7 wp-block-columns-is-layout-flex\">\n<div class=\"wp-block-column is-layout-flow wp-block-column-is-layout-flow\">\n<h3 class=\"wp-block-heading\"><strong>Arvinsalmi i Liperi<\/strong><\/h3>\n\n\n\n<p>Avst\u00e5nd&nbsp;430 m.<\/p>\n\n\n\n<p>Oravisalontie 1610<br>82310 Oravisalo<br>R\u00e4\u00e4kkyl\u00e4<\/p>\n\n\n\n<p>+358 50 343 7073<br>nestori.ksloy@outlook.com<\/p>\n<\/div>\n\n\n\n<div class=\"wp-block-column is-layout-flow wp-block-column-is-layout-flow\">\n<iframe loading=\"lazy\" src=\"https:\/\/www.google.com\/maps\/embed?pb=!1m10!1m8!1m3!1d2963.421418678393!2d29.566547381621234!3d62.39213012748161!3m2!1i1024!2i768!4f13.1!5e0!3m2!1sfi!2sfi!4v1602053736767!5m2!1sfi!2sfi\" width=\"250\" height=\"250\" frameborder=\"0\" style=\"border:0;\" allowfullscreen=\"\" aria-hidden=\"false\" tabindex=\"0\"><\/iframe>\n<\/div>\n<\/div>\n\n\n\n<p class=\"has-text-align-center\"><h2 class=\"wp-svg-clock clock\"><\/h2> <strong>Tidtabeller. Arvinsalmi i Liperi<\/strong><\/p>\n\n\n\n<p><br>F\u00e4rjan drivs dygnet runt om beh\u00f6vs:<\/p>\n\n\n\n<p><strong>F\u00e4rjans pauser:<\/strong><br>9:00 &#8211; 9:20<br>12:00 &#8211; 12:20<br>15:00 &#8211; 15:20<br>20:00 &#8211; 20:20<\/p>\n<\/div>\n\n\n\n<div class=\"wp-block-column is-layout-flow wp-block-column-is-layout-flow\"><div class=\"wp-block-image\">\n<figure class=\"aligncenter size-large\"><img loading=\"lazy\" decoding=\"async\" width=\"1000\" height=\"592\" src=\"https:\/\/ksloy.fi\/wp-content\/uploads\/2021\/03\/lautta3-1.jpg\" alt=\"\" class=\"wp-image-346\" srcset=\"https:\/\/ksloy.fi\/wp-content\/uploads\/2021\/03\/lautta3-1.jpg 1000w, https:\/\/ksloy.fi\/wp-content\/uploads\/2021\/03\/lautta3-1-300x178.jpg 300w, https:\/\/ksloy.fi\/wp-content\/uploads\/2021\/03\/lautta3-1-768x455.jpg 768w\" sizes=\"auto, (max-width: 1000px) 100vw, 1000px\" \/><\/figure>\n<\/div>\n\n\n<p><\/p>\n\n\n\n<h2 class=\"wp-block-heading\">VIKARE<\/h2>\n\n\n\n<p><\/p>\n\n\n\n<div class=\"wp-block-columns is-layout-flex wp-container-core-columns-is-layout-9d6595d7 wp-block-columns-is-layout-flex\">\n<div class=\"wp-block-column is-layout-flow wp-block-column-is-layout-flow\">\n<p><\/p>\n\n\n\n<h3 class=\"wp-block-heading\"><strong>Berg\u00f6<\/strong> <\/h3>\n\n\n\n<p>Avst\u00e5nd 1166 m.<\/p>\n\n\n\n<p>Berg\u00f6ntie 3, Malax<\/p>\n\n\n\n<p>+358 50 379 1448<br>vikare.ksloy@outlook.com<\/p>\n<\/div>\n\n\n\n<div class=\"wp-block-column is-layout-flow wp-block-column-is-layout-flow\">\n<p><iframe src=\"https:\/\/www.google.com\/maps\/embed?pb=!1m18!1m12!1m3!1d19386.115870194528!2d21.167131417750486!3d62.934583961711986!2m3!1f0!2f0!3f0!3m2!1i1024!2i768!4f13.1!3m3!1m2!1s0x467d5b4587d7bbaf%3A0x5456736aaba83fc2!2sBerg%C3%B6n%20lautta!5e0!3m2!1sfi!2sfi!4v1663150303005!5m2!1sfi!2sfi\" width=\"250\" height=\"250\" style=\"border:0;\" allowfullscreen=\"\" loading=\"lazy\" referrerpolicy=\"no-referrer-when-downgrade\"><\/iframe><\/p>\n<\/div>\n<\/div>\n\n\n\n<p><h2 class=\"wp-svg-clock clock\"><\/h2> <strong><strong>Tidtabeller<\/strong>. Berg\u00f6-Bredsk\u00e4r<\/strong><\/p>\n\n\n\n<h3 class=\"wp-block-heading\"><strong>Tidtabell <\/strong><\/h3>\n\n\n\n<figure class=\"wp-block-image size-large\"><img decoding=\"async\" src=\"https:\/\/ksloy.fi\/wp-content\/uploads\/2023\/05\/Aikataulut_Bergo_2013.png\" alt=\"\"\/><\/figure>\n\n\n\n<p><strong>F\u00e4rjans pauser:<\/strong><br>01:00-01:20<br>03:00-03:20<br>05:00-05:20<br>07:50-08:10<br>10:15-10:35<br>12:40-13:00<br>15:05-15:25<br>17:30-17:50<br>19:55-20:15<\/p>\n\n\n\n<p>Vid k\u00f6bildning trafikerar utan tidtabell, utom under tidtabellsenliga pauser.&nbsp;Vid of\u00f6rdelaktig v\u00e4derlek eller tekniskt fel kan man avvika fr\u00e5n tidtabellen eller helt avbryta trafiken.<\/p>\n\n\n\n<p>00.00\u201305.30 &nbsp;Best\u00e4llningstrafik, dejourering p\u00e5 f\u00e4rjan.<\/p>\n<\/div>\n<\/div>\n<\/div>\n<\/div>\n\n\n<p><!-- \/wp:post-content --><\/p>\n<p><!-- wp:paragraph --><\/p>\n<p><!-- \/wp:paragraph --><\/p>","protected":false},"excerpt":{"rendered":"<p>Systerfartygen Vikare och Nestori \u00e4r de st\u00f6rsta f\u00e4rjorna i Finland och \u00e4gs av Transportstyrelsen. De har en lastkapacitet p\u00e5 150 ton, en l\u00e4ngd p\u00e5 50 meter och en bredd p\u00e5 15 meter. NESTORI Arvinsalmi i Liperi Avst\u00e5nd&nbsp;430 m. Oravisalontie 161082310 OravisaloR\u00e4\u00e4kkyl\u00e4 +358 50 343 7073nestori.ksloy@outlook.com Tidtabeller. Arvinsalmi i Liperi F\u00e4rjan drivs dygnet runt om beh\u00f6vs:&hellip;&nbsp;<a href=\"https:\/\/ksloy.fi\/sv\/lauttaliikenne\" class=\"\" rel=\"bookmark\">L\u00e4s mer &raquo;<span class=\"screen-reader-text\">F\u00e4rjtrafik<\/span><\/a><\/p>\n","protected":false},"author":1,"featured_media":0,"parent":0,"menu_order":0,"comment_status":"closed","ping_status":"closed","template":"","meta":{"neve_meta_sidebar":"full-width","neve_meta_container":"","neve_meta_enable_content_width":"on","neve_meta_content_width":100,"neve_meta_title_alignment":"","neve_meta_author_avatar":"","neve_post_elements_order":"","neve_meta_disable_header":"","neve_meta_disable_footer":"","neve_meta_disable_title":"","footnotes":""},"class_list":["post-244","page","type-page","status-publish","hentry"],"translation":{"provider":"WPGlobus","version":"3.0.0","language":"sv","enabled_languages":["fi","sv","en"],"languages":{"fi":{"title":true,"content":true,"excerpt":false},"sv":{"title":true,"content":true,"excerpt":false},"en":{"title":true,"content":true,"excerpt":false}}},"_links":{"self":[{"href":"https:\/\/ksloy.fi\/sv\/wp-json\/wp\/v2\/pages\/244","targetHints":{"allow":["GET"]}}],"collection":[{"href":"https:\/\/ksloy.fi\/sv\/wp-json\/wp\/v2\/pages"}],"about":[{"href":"https:\/\/ksloy.fi\/sv\/wp-json\/wp\/v2\/types\/page"}],"author":[{"embeddable":true,"href":"https:\/\/ksloy.fi\/sv\/wp-json\/wp\/v2\/users\/1"}],"replies":[{"embeddable":true,"href":"https:\/\/ksloy.fi\/sv\/wp-json\/wp\/v2\/comments?post=244"}],"version-history":[{"count":174,"href":"https:\/\/ksloy.fi\/sv\/wp-json\/wp\/v2\/pages\/244\/revisions"}],"predecessor-version":[{"id":1574,"href":"https:\/\/ksloy.fi\/sv\/wp-json\/wp\/v2\/pages\/244\/revisions\/1574"}],"wp:attachment":[{"href":"https:\/\/ksloy.fi\/sv\/wp-json\/wp\/v2\/media?parent=244"}],"curies":[{"name":"wp","href":"https:\/\/api.w.org\/{rel}","templated":true}]}}