{"id":246,"date":"2021-03-03T14:42:37","date_gmt":"2021-03-03T14:42:37","guid":{"rendered":"https:\/\/ksloy.fi\/?page_id=246"},"modified":"2021-03-12T13:43:08","modified_gmt":"2021-03-12T13:43:08","slug":"kuljetusehdot","status":"publish","type":"page","link":"https:\/\/ksloy.fi\/sv\/kuljetusehdot","title":{"rendered":"Transportvillkor f\u00f6r passagerare och deras resgods"},"content":{"rendered":"\n<h3 class=\"wp-block-heading\">1. Allm\u00e4nt<\/h3>\n\n\n\n<p>F\u00f6r transport av passagerare och hans resgods (inkluderat handresgods, medf\u00f6ljande gods, fordon, husvagn eller annat dylikt) till\u00e4mpas dessa allm\u00e4nna transportvillkor samt de lagbest\u00e4mmelser som anges under punkt 2.<\/p>\n\n\n\n<p>Bortfraktare \u00e4r antingen Suomen Lauttaliikenne Oy eller v\u00e4glaget f\u00f6r enskilda v\u00e4gar om v\u00e4glaget fungerar som fartygets operat\u00f6r.<\/p>\n\n\n\n<p>Den i transportvillkoren avsedda transporten inleds n\u00e4r passageraren passerar bommen vid avg\u00e5ngsorten och upph\u00f6r n\u00e4r passageraren passerar bommen n\u00e4r han l\u00e4mnar fartyget vid best\u00e4mmelseorten.<\/p>\n\n\n\n<p>Passageraren \u00e4r skyldig att iaktta f\u00f6reskrifter om ordning och s\u00e4kerhet under resan.<\/p>\n\n\n\n<h3 class=\"wp-block-heading\">2. Ansvar<\/h3>\n\n\n\n<p>Bortfraktarens ansvar f\u00f6r skada som skett under resan regleras i sin helhet av sj\u00f6lagen (L 674\/1994). Ansvaret \u00e4r begr\u00e4nsat och f\u00f6r passagerare g\u00e4llande sj\u00e4lvriskandelar till\u00e4mpas.<\/p>\n\n\n\n<p>Bortfraktaren \u00e4r ansvarig f\u00f6r person- och resgodsskada som drabbar passageraren p\u00e5 grund av en h\u00e4ndelse under resan, om skadan har orsakats genom fel eller f\u00f6rsummelse av bortfraktaren eller n\u00e5gon som han svarar f\u00f6r.<\/p>\n\n\n\n<p>Bortfraktaren \u00e4r inte skyldig att ers\u00e4tta pengar, v\u00e4rdepapper, konstf\u00f6rem\u00e5l eller annat s\u00e4rskilt v\u00e4rdefullt resgods och ansvarar inte heller f\u00f6r levande djur.<\/p>\n\n\n\n<p>Bortfraktaren \u00e4r inte ansvarig f\u00f6r skador, f\u00f6rluster eller kostnader som uppst\u00e5tt p.g.a. dr\u00f6jsm\u00e5l.<\/p>\n\n\n\n<p>Rahdinottaja ei vastaa my\u00f6h\u00e4stymisest\u00e4 johtuvista vahingoista, menetyksist\u00e4 tai kustannuksista.<\/p>\n","protected":false},"excerpt":{"rendered":"<p>1. Allm\u00e4nt F\u00f6r transport av passagerare och hans resgods (inkluderat handresgods, medf\u00f6ljande gods, fordon, husvagn eller annat dylikt) till\u00e4mpas dessa allm\u00e4nna transportvillkor samt de lagbest\u00e4mmelser som anges under punkt 2. Bortfraktare \u00e4r antingen Suomen Lauttaliikenne Oy eller v\u00e4glaget f\u00f6r enskilda v\u00e4gar om v\u00e4glaget fungerar som fartygets operat\u00f6r. Den i transportvillkoren avsedda transporten inleds n\u00e4r passageraren&hellip;&nbsp;<a href=\"https:\/\/ksloy.fi\/sv\/kuljetusehdot\" class=\"\" rel=\"bookmark\">L\u00e4s mer &raquo;<span class=\"screen-reader-text\">Transportvillkor f\u00f6r passagerare och deras resgods<\/span><\/a><\/p>\n","protected":false},"author":1,"featured_media":0,"parent":0,"menu_order":0,"comment_status":"closed","ping_status":"closed","template":"","meta":{"neve_meta_sidebar":"full-width","neve_meta_container":"","neve_meta_enable_content_width":"on","neve_meta_content_width":100,"neve_meta_title_alignment":"","neve_meta_author_avatar":"","neve_post_elements_order":"","neve_meta_disable_header":"","neve_meta_disable_footer":"","neve_meta_disable_title":"","footnotes":""},"class_list":["post-246","page","type-page","status-publish","hentry"],"translation":{"provider":"WPGlobus","version":"3.0.0","language":"sv","enabled_languages":["fi","sv","en"],"languages":{"fi":{"title":true,"content":true,"excerpt":false},"sv":{"title":true,"content":true,"excerpt":false},"en":{"title":true,"content":true,"excerpt":false}}},"_links":{"self":[{"href":"https:\/\/ksloy.fi\/sv\/wp-json\/wp\/v2\/pages\/246","targetHints":{"allow":["GET"]}}],"collection":[{"href":"https:\/\/ksloy.fi\/sv\/wp-json\/wp\/v2\/pages"}],"about":[{"href":"https:\/\/ksloy.fi\/sv\/wp-json\/wp\/v2\/types\/page"}],"author":[{"embeddable":true,"href":"https:\/\/ksloy.fi\/sv\/wp-json\/wp\/v2\/users\/1"}],"replies":[{"embeddable":true,"href":"https:\/\/ksloy.fi\/sv\/wp-json\/wp\/v2\/comments?post=246"}],"version-history":[{"count":8,"href":"https:\/\/ksloy.fi\/sv\/wp-json\/wp\/v2\/pages\/246\/revisions"}],"predecessor-version":[{"id":609,"href":"https:\/\/ksloy.fi\/sv\/wp-json\/wp\/v2\/pages\/246\/revisions\/609"}],"wp:attachment":[{"href":"https:\/\/ksloy.fi\/sv\/wp-json\/wp\/v2\/media?parent=246"}],"curies":[{"name":"wp","href":"https:\/\/api.w.org\/{rel}","templated":true}]}}