{"id":248,"date":"2021-03-03T14:42:46","date_gmt":"2021-03-03T14:42:46","guid":{"rendered":"https:\/\/ksloy.fi\/?page_id=248"},"modified":"2021-07-30T14:02:28","modified_gmt":"2021-07-30T11:02:28","slug":"ohjeet","status":"publish","type":"page","link":"https:\/\/ksloy.fi\/sv\/ohjeet","title":{"rendered":"Instruktioner"},"content":{"rendered":"\n<h1 class=\"wp-block-heading\">Anvisningar f\u00f6r passagerarna \u2013 f\u00f6r att resan ska vara trygg<\/h1>\n\n\n\n<h3 class=\"wp-block-heading\">P\u00e5 f\u00e4rjstranden<\/h3>\n\n\n\n<ul class=\"wp-block-list\"><li>Minska hastigheten i tid f\u00f6re f\u00e4rjstranden.<\/li><li>K\u00f6r p\u00e5 h\u00f6gra k\u00f6rf\u00e4ltet d\u00e5 du anl\u00e4nder till f\u00e4rjstranden.<\/li><li>Stanna p\u00e5 h\u00f6gra kanten d\u00e5 du stannar i slutet av k\u00f6n, s\u00e5 att fordonen med f\u00f6rk\u00f6rsr\u00e4tt tryggt kan passera k\u00f6n.<\/li><li>Undvik tomg\u00e5ng och sl\u00e4ck k\u00f6rljusen, s\u00e5 att du inte bl\u00e4ndar f\u00f6raren p\u00e5 landsv\u00e4gsf\u00e4rjan i m\u00f6rkret.<\/li><li>Motorcyklisterna f\u00e5r inte passera k\u00f6n p\u00e5 f\u00e4rjstranden utan f\u00f6rk\u00f6rsr\u00e4tt som beviljats av Egentliga-Finlands NTM-central.<\/li><li>F\u00f6raren ska p\u00e5 beg\u00e4ran tala om fordonets axeltryck, boggie- och totalvikt samt lastens inneh\u00e5ll. F\u00e4rjepersonalen ska informeras om transport av farliga \u00e4mnen innan man k\u00f6r ombord p\u00e5 f\u00e4rjan.<\/li><li>I husvagnar och husbilar ska gasflaskornas huvudventiler st\u00e4ngas innan man k\u00f6r ombord p\u00e5 landsv\u00e4gsf\u00e4rjan.<\/li><li>Om du k\u00f6r en l\u00e5ngtradare s\u00e5 kontrollera alltid i f\u00f6rv\u00e4g viktbegr\u00e4nsningen\u00a0p\u00e5 f\u00e4rjplatsens webbsidor\u00a0eller ring till f\u00e4rjan.<\/li><li>Cyklister, mopedister och fotg\u00e4ngare stiger ombord och stiger av f\u00e4rjan efter motorfordonen.<\/li><\/ul>\n\n\n\n<h3 class=\"wp-block-heading\">P\u00e5 f\u00e4rjan<\/h3>\n\n\n\n<ul class=\"wp-block-list\"><li>Man f\u00e5r k\u00f6ra ombord eller bort fr\u00e5n f\u00e4rjan f\u00f6rst d\u00e5 det anvisas med trafikljus och bommarna \u00e4r uppf\u00e4llda eller k\u00f6rtillst\u00e5nd har erh\u00e5llits av f\u00e4rjpersonalen.<\/li><li>Till landsv\u00e4gsf\u00e4rjan k\u00f6r man f\u00f6rst p\u00e5 k\u00f6rf\u00e4ltet p\u00e5 h\u00f6gra sidan, sedan p\u00e5 det v\u00e4nstra eller s\u00e5 som personalen eller trafikljusen dirigerar. De tunga fordonen k\u00f6r ombord mitt p\u00e5 f\u00e4rjan.<\/li><li>Se till att man kan l\u00e4mna fordonet \u00e5tminstone fr\u00e5n ena sidan.<\/li><li>Dra \u00e5t handbromsen, sl\u00e4ck k\u00f6rljusen och st\u00e4ng av motorn. Du avl\u00e4gsnar dig v\u00e4l fr\u00e5n fordonet f\u00f6rst d\u00e5 f\u00e4rjan \u00e4r i r\u00f6relse.<\/li><li>F\u00f6raren till motorcyklar och andra fordon med tv\u00e5 hjul m\u00e5ste se till att deras fordon h\u00e5lls st\u00e5ende under hela f\u00e4rden.<\/li><li>Bort fr\u00e5n landsv\u00e4gsf\u00e4rjan k\u00f6r man i regel i samma ordning som man k\u00f6rt ombord. Man f\u00e5r avl\u00e4gsna sig f\u00f6rst d\u00e5 det r\u00f6da ljuset sl\u00e4ckts och bommen f\u00e4llts upp eller personalen ger tillst\u00e5nd till det.<\/li><li>Tobaksr\u00f6kning \u00e4r f\u00f6rbjudet p\u00e5 hela f\u00e4rjan, \u00e4ven i fordonen. .<\/li><li>Gasflaskornas huvudventiler exv. i husvagnar och husbilar ska vara st\u00e4ngda under hela f\u00e4rden.<\/li><li>Se till att det inte l\u00e4cker ut br\u00e4nsle fr\u00e5n ditt fordon p\u00e5 vajerf\u00e4rjans d\u00e4ck.<\/li><li>I en n\u00f6dsituation f\u00f6rs\u00f6ker vajerf\u00e4rjan alltid k\u00f6ra till n\u00e4rmaste strand d\u00e4r passagerarna evakueras.<\/li><li>Ifall n\u00f6dsituationen s\u00e5 kr\u00e4ver, tar man p\u00e5 sig r\u00e4ddningsv\u00e4sten. R\u00e4ddningsv\u00e4sten finns i omedelbar n\u00e4rhet p\u00e5 bild\u00e4cket.<\/li><li>Handla enligt personalens instruktioner i n\u00f6dsituationer.<\/li><li>Vid transport av farliga \u00e4mnen f\u00f6ljs myndigheternas best\u00e4mmelser.<\/li><\/ul>\n\n\n\n<h1 class=\"wp-block-heading\">K\u00f6rordning och f\u00f6rk\u00f6rsr\u00e4tt<\/h1>\n\n\n\n<h3 class=\"wp-block-heading\">Fordon ber\u00e4ttigade att anv\u00e4nda f\u00f6rk\u00f6rsr\u00e4ttsfilen \u00e4r<\/h3>\n\n\n\n<p>1) med st\u00f6d av v\u00e4gtrafiklagen utryckningsfordon och fordon som anv\u00e4nds i polisens, tullen samt gr\u00e4nsbevakningsv\u00e4sendets tj\u00e4nsteuppdrag,<\/p>\n\n\n\n<p>2) med st\u00f6d av kommunikationsministeriets f\u00f6rordning fordon som f\u00f6r\/h\u00e4mtar sjuka f\u00f6r v\u00e5rd, l\u00e4kare p\u00e5 br\u00e5dskande uppdrag, djurl\u00e4kare eller andra personer med fordon som fungerar som sjuksk\u00f6tare eller r\u00e4ddningsman, djurtransporter med tillst\u00e5nd, fordon som anv\u00e4nds vid tillst\u00e5ndspliktig persontransport (taxin och bussar), br\u00e5dskande fordon f\u00f6r v\u00e4gunderh\u00e5ll samt mopeder,<\/p>\n\n\n\n<p>3) samt alla f\u00f6r vilka NTM-centralen beviljat f\u00f6rk\u00f6rsr\u00e4tt och vars f\u00f6rk\u00f6rsr\u00e4tt \u00e4r i kraft och str\u00e4ckan i fr\u00e5ga omfattas av f\u00f6rk\u00f6rsr\u00e4tten.&nbsp;Se NTM-centralens grunder f\u00f6r beviljande av f\u00f6rk\u00f6rsr\u00e4tt.<\/p>\n\n\n\n<p>F\u00f6rk\u00f6rsr\u00e4tt som beviljats av NTM-centralen ber\u00e4ttigar inte till omk\u00f6rning av andra f\u00f6rk\u00f6rsber\u00e4ttigade.F\u00f6rk\u00f6rsr\u00e4tt p\u00e5visas med en f\u00f6rk\u00f6rsr\u00e4ttsskylt.<\/p>\n\n\n\n<p>Andra v\u00e4gtrafikanter lastas p\u00e5 f\u00e4rjan i regel i den ordning de anl\u00e4nder. Bef\u00e4lhavaren p\u00e5 en f\u00e4rja har dock r\u00e4tt att avvika fr\u00e5n denna ordning om f\u00e4rjans d\u00e4cksutrymme eller dr\u00e4ktighet eller v\u00e4derleksf\u00f6rh\u00e5llandena inte till\u00e5ter att det fordon som st\u00e5r n\u00e4rmast i tur tas ombord f\u00f6r transport. F\u00f6rk\u00f6rsr\u00e4tten g\u00e4ller inte n\u00e4r f\u00e4rjan lastas av.<\/p>\n\n\n\n<h3 class=\"wp-block-heading\">Sanktioner<\/h3>\n\n\n\n<p>Polisen kan b\u00f6tf\u00e4lla v\u00e4gtrafikanter f\u00f6r missbruk av f\u00f6rk\u00f6rsr\u00e4ttsfilen. I egenskap av myndighet som beviljar f\u00f6rk\u00f6rsr\u00e4tter kan NTM-centralen upph\u00e4va f\u00f6rk\u00f6rsr\u00e4tter eller ge anm\u00e4rkningar med anledning av brott mot tillst\u00e5ndsvillkoren. S\u00e5v\u00e4l NTM-centralen som polisen kan i samband med \u00f6vervakning av f\u00f6rk\u00f6rsr\u00e4tter fr\u00e5n f\u00f6rk\u00f6rsr\u00e4ttsfilens k\u00f6 avl\u00e4gsna fordon som missbrukar filen.<\/p>\n\n\n\n<p>N\u00e4rmare uppgifter finns p\u00e5&nbsp;<a href=\"http:\/\/www.ely-keskus.fi\/sv\/web\/ely\/etuajo-oikeudet-lautoille?p_p_id=122_INSTANCE_aluevalinta&amp;p_p_lifecycle=0&amp;p_p_state=normal&amp;p_p_mode=view&amp;p_r_p_564233524_resetCur=true&amp;p_r_p_564233524_categoryId=14406#.VegQgU1xDyc\">NTM-centralens sidor.<\/a><\/p>\n","protected":false},"excerpt":{"rendered":"<p>Anvisningar f\u00f6r passagerarna \u2013 f\u00f6r att resan ska vara trygg P\u00e5 f\u00e4rjstranden Minska hastigheten i tid f\u00f6re f\u00e4rjstranden. K\u00f6r p\u00e5 h\u00f6gra k\u00f6rf\u00e4ltet d\u00e5 du anl\u00e4nder till f\u00e4rjstranden. Stanna p\u00e5 h\u00f6gra kanten d\u00e5 du stannar i slutet av k\u00f6n, s\u00e5 att fordonen med f\u00f6rk\u00f6rsr\u00e4tt tryggt kan passera k\u00f6n. Undvik tomg\u00e5ng och sl\u00e4ck k\u00f6rljusen, s\u00e5 att du&hellip;&nbsp;<a href=\"https:\/\/ksloy.fi\/sv\/ohjeet\" class=\"\" rel=\"bookmark\">L\u00e4s mer &raquo;<span class=\"screen-reader-text\">Instruktioner<\/span><\/a><\/p>\n","protected":false},"author":1,"featured_media":0,"parent":0,"menu_order":0,"comment_status":"closed","ping_status":"closed","template":"","meta":{"neve_meta_sidebar":"full-width","neve_meta_container":"","neve_meta_enable_content_width":"on","neve_meta_content_width":100,"neve_meta_title_alignment":"","neve_meta_author_avatar":"","neve_post_elements_order":"","neve_meta_disable_header":"","neve_meta_disable_footer":"","neve_meta_disable_title":"","footnotes":""},"class_list":["post-248","page","type-page","status-publish","hentry"],"translation":{"provider":"WPGlobus","version":"3.0.0","language":"sv","enabled_languages":["fi","sv","en"],"languages":{"fi":{"title":true,"content":true,"excerpt":false},"sv":{"title":true,"content":true,"excerpt":false},"en":{"title":true,"content":true,"excerpt":false}}},"_links":{"self":[{"href":"https:\/\/ksloy.fi\/sv\/wp-json\/wp\/v2\/pages\/248","targetHints":{"allow":["GET"]}}],"collection":[{"href":"https:\/\/ksloy.fi\/sv\/wp-json\/wp\/v2\/pages"}],"about":[{"href":"https:\/\/ksloy.fi\/sv\/wp-json\/wp\/v2\/types\/page"}],"author":[{"embeddable":true,"href":"https:\/\/ksloy.fi\/sv\/wp-json\/wp\/v2\/users\/1"}],"replies":[{"embeddable":true,"href":"https:\/\/ksloy.fi\/sv\/wp-json\/wp\/v2\/comments?post=248"}],"version-history":[{"count":11,"href":"https:\/\/ksloy.fi\/sv\/wp-json\/wp\/v2\/pages\/248\/revisions"}],"predecessor-version":[{"id":870,"href":"https:\/\/ksloy.fi\/sv\/wp-json\/wp\/v2\/pages\/248\/revisions\/870"}],"wp:attachment":[{"href":"https:\/\/ksloy.fi\/sv\/wp-json\/wp\/v2\/media?parent=248"}],"curies":[{"name":"wp","href":"https:\/\/api.w.org\/{rel}","templated":true}]}}