{"id":250,"date":"2021-03-03T14:43:17","date_gmt":"2021-03-03T14:43:17","guid":{"rendered":"https:\/\/ksloy.fi\/?page_id=250"},"modified":"2023-05-31T21:10:34","modified_gmt":"2023-05-31T18:10:34","slug":"yhteystiedot","status":"publish","type":"page","link":"https:\/\/ksloy.fi\/sv\/yhteystiedot","title":{"rendered":"Kontakt"},"content":{"rendered":"\n<div class=\"wp-block-columns is-layout-flex wp-container-core-columns-is-layout-9d6595d7 wp-block-columns-is-layout-flex\">\n<div class=\"wp-block-column is-layout-flow wp-block-column-is-layout-flow\">\n<div class=\"wp-block-columns is-layout-flex wp-container-core-columns-is-layout-9d6595d7 wp-block-columns-is-layout-flex\">\n<div class=\"wp-block-column sininen is-layout-flow wp-block-column-is-layout-flow\">\n<h4 class=\"wp-block-heading has-nv-site-bg-color has-neve-link-hover-color-background-color has-text-color has-background\">Kymen Saaristoliikenne Oy<br>Arvinsalmi Lautta oy<br>Berg\u00f6 F\u00e4rja Oy<\/h4>\n\n\n\n<p class=\"has-nv-text-dark-bg-color has-neve-link-hover-color-background-color has-text-color has-background\">Vuolteentie 2<br>48400 Kotka<br><br>veli.kokkonen@ksloy.fi<\/p>\n\n\n\n<p><\/p>\n<\/div>\n\n\n\n<div class=\"wp-block-column is-layout-flow wp-block-column-is-layout-flow\">\n<p><\/p>\n\n\n\n<p style=\"font-size:14px\">All feedback beaktas n\u00e4r vi utvecklar v\u00e5ra tj\u00e4nster. Ocks\u00e5 nya&nbsp; id\u00e9er \u00e4r v\u00e4lkomna. Tack f\u00f6r hj\u00e4lpen!<\/p>\n\n\n\n<div class=\"wp-block-contact-form-7-contact-form-selector\">\n<div class=\"wpcf7 no-js\" id=\"wpcf7-f294-o1\" lang=\"fi\" dir=\"ltr\" data-wpcf7-id=\"294\">\n<div class=\"screen-reader-response\"><p role=\"status\" aria-live=\"polite\" aria-atomic=\"true\"><\/p> <ul><\/ul><\/div>\n<form action=\"\/sv\/wp-json\/wp\/v2\/pages\/250#wpcf7-f294-o1\" method=\"post\" class=\"wpcf7-form init\" aria-label=\"Yhteydenottolomake\" novalidate=\"novalidate\" data-status=\"init\">\n<fieldset class=\"hidden-fields-container\"><input type=\"hidden\" name=\"_wpcf7\" value=\"294\" \/><input type=\"hidden\" name=\"_wpcf7_version\" value=\"6.1.5\" \/><input type=\"hidden\" name=\"_wpcf7_locale\" value=\"fi\" \/><input type=\"hidden\" name=\"_wpcf7_unit_tag\" value=\"wpcf7-f294-o1\" \/><input type=\"hidden\" name=\"_wpcf7_container_post\" value=\"0\" \/><input type=\"hidden\" name=\"_wpcf7_posted_data_hash\" value=\"\" \/><input type=\"hidden\" name=\"_wpcf7_recaptcha_response\" value=\"\" \/>\n<\/fieldset>\n<p><label><span class=\"contaktform\"><span class=\"wpcf7-form-control-wrap\" data-name=\"your-name\"><input size=\"40\" maxlength=\"400\" class=\"wpcf7-form-control wpcf7-text\" aria-invalid=\"false\" placeholder=\"nimi\/name\" value=\"\" type=\"text\" name=\"your-name\" \/><\/span><\/span><\/label><br \/>\n<label><span class=\"wpcf7-form-control-wrap\" data-name=\"email-589\"><input size=\"40\" maxlength=\"400\" class=\"wpcf7-form-control wpcf7-email wpcf7-validates-as-required wpcf7-text wpcf7-validates-as-email\" aria-required=\"true\" aria-invalid=\"false\" placeholder=\"e-mail\" value=\"\" type=\"email\" name=\"email-589\" \/><\/span><\/label><br \/>\n<label><span class=\"wpcf7-form-control-wrap\" data-name=\"tel-602\"><input size=\"40\" maxlength=\"400\" class=\"wpcf7-form-control wpcf7-tel wpcf7-text wpcf7-validates-as-tel\" aria-invalid=\"false\" placeholder=\"puh.\/tel.\" value=\"\" type=\"tel\" name=\"tel-602\" \/><\/span><\/label>\n<\/p>\n<p><label><span class=\"wpcf7-form-control-wrap\" data-name=\"textarea-439\"><textarea cols=\"40\" rows=\"10\" maxlength=\"2000\" class=\"wpcf7-form-control wpcf7-textarea\" aria-invalid=\"false\" placeholder=\"&nbsp;&nbsp; viesti\/message\" name=\"textarea-439\"><\/textarea><\/span><\/label><input class=\"wpcf7-form-control wpcf7-submit has-spinner\" type=\"submit\" value=\"Send\" \/>\n<\/p><div class=\"wpcf7-response-output\" aria-hidden=\"true\"><\/div>\n<\/form>\n<\/div>\n<\/div>\n\n\n\n<p><\/p>\n<\/div>\n<\/div>\n<\/div>\n\n\n\n<div class=\"wp-block-column is-layout-flow wp-block-column-is-layout-flow\">\n<figure class=\"wp-block-image size-large\"><img loading=\"lazy\" decoding=\"async\" width=\"1024\" height=\"614\" src=\"https:\/\/ksloy.fi\/wp-content\/uploads\/2021\/03\/Veli_Kokkonen-1024x614.jpg\" alt=\"Veli Kokkonen\" class=\"wp-image-412\" srcset=\"https:\/\/ksloy.fi\/wp-content\/uploads\/2021\/03\/Veli_Kokkonen-1024x614.jpg 1024w, https:\/\/ksloy.fi\/wp-content\/uploads\/2021\/03\/Veli_Kokkonen-300x180.jpg 300w, https:\/\/ksloy.fi\/wp-content\/uploads\/2021\/03\/Veli_Kokkonen-768x461.jpg 768w, https:\/\/ksloy.fi\/wp-content\/uploads\/2021\/03\/Veli_Kokkonen.jpg 1200w\" sizes=\"auto, (max-width: 1024px) 100vw, 1024px\" \/><\/figure>\n<\/div>\n<\/div>\n","protected":false},"excerpt":{"rendered":"<p>Kymen Saaristoliikenne OyArvinsalmi Lautta oyBerg\u00f6 F\u00e4rja Oy Vuolteentie 248400 Kotka veli.kokkonen@ksloy.fi All feedback beaktas n\u00e4r vi utvecklar v\u00e5ra tj\u00e4nster. Ocks\u00e5 nya&nbsp; id\u00e9er \u00e4r v\u00e4lkomna. Tack f\u00f6r hj\u00e4lpen!<\/p>\n","protected":false},"author":1,"featured_media":0,"parent":0,"menu_order":0,"comment_status":"closed","ping_status":"closed","template":"page-templates\/template-pagebuilder-full-width.php","meta":{"neve_meta_sidebar":"full-width","neve_meta_container":"","neve_meta_enable_content_width":"on","neve_meta_content_width":100,"neve_meta_title_alignment":"","neve_meta_author_avatar":"","neve_post_elements_order":"","neve_meta_disable_header":"","neve_meta_disable_footer":"","neve_meta_disable_title":"","footnotes":""},"class_list":["post-250","page","type-page","status-publish","hentry"],"translation":{"provider":"WPGlobus","version":"3.0.0","language":"sv","enabled_languages":["fi","sv","en"],"languages":{"fi":{"title":true,"content":true,"excerpt":false},"sv":{"title":true,"content":true,"excerpt":false},"en":{"title":true,"content":true,"excerpt":false}}},"_links":{"self":[{"href":"https:\/\/ksloy.fi\/sv\/wp-json\/wp\/v2\/pages\/250","targetHints":{"allow":["GET"]}}],"collection":[{"href":"https:\/\/ksloy.fi\/sv\/wp-json\/wp\/v2\/pages"}],"about":[{"href":"https:\/\/ksloy.fi\/sv\/wp-json\/wp\/v2\/types\/page"}],"author":[{"embeddable":true,"href":"https:\/\/ksloy.fi\/sv\/wp-json\/wp\/v2\/users\/1"}],"replies":[{"embeddable":true,"href":"https:\/\/ksloy.fi\/sv\/wp-json\/wp\/v2\/comments?post=250"}],"version-history":[{"count":24,"href":"https:\/\/ksloy.fi\/sv\/wp-json\/wp\/v2\/pages\/250\/revisions"}],"predecessor-version":[{"id":1119,"href":"https:\/\/ksloy.fi\/sv\/wp-json\/wp\/v2\/pages\/250\/revisions\/1119"}],"wp:attachment":[{"href":"https:\/\/ksloy.fi\/sv\/wp-json\/wp\/v2\/media?parent=250"}],"curies":[{"name":"wp","href":"https:\/\/api.w.org\/{rel}","templated":true}]}}